{"id":9,"date":"2016-12-28T14:53:45","date_gmt":"2016-12-28T14:53:45","guid":{"rendered":"http:\/\/tomsontransport.ee\/?page_id=9"},"modified":"2025-11-06T17:35:27","modified_gmt":"2025-11-06T17:35:27","slug":"kontakt","status":"publish","type":"page","link":"http:\/\/tomsontransport.ee\/index.php\/kontakt\/","title":{"rendered":"Kontakt"},"content":{"rendered":"<p><strong>AADRESS:<\/strong><\/p>\n<p>Niine talu<br \/>\nOru k\u00fcla, Kose vald<br \/>\nHarjumaa, 75103<\/p>\n<p>K\u00f5ige kiiremini saab k\u00e4tte telefoni teel:<\/p>\n<p>Hillar Tomson: +3725106535<br \/>\nE-mail:<a href=\"mailto:hillar.tomson@mail.ee\">\u00a0hillar.tomson@mail.ee<\/a><\/p>\n<p><strong>REG KOOD:<\/strong> 11246537<br \/>\n<strong>KMKNR<\/strong>: EE101050700<\/p>\n<p><strong>ARVELDUSAREVED:<\/strong><br \/>\nSWED: EE702200221031326299<br \/>\nLHV: EE467700771002038082<\/p>\n","protected":false},"excerpt":{"rendered":"<p>AADRESS: Niine talu Oru k\u00fcla, Kose vald Harjumaa, 75103 K\u00f5ige kiiremini saab k\u00e4tte telefoni teel: Hillar Tomson: +3725106535 E-mail:\u00a0hillar.tomson@mail.ee REG KOOD: 11246537 KMKNR: EE101050700 ARVELDUSAREVED: SWED: EE702200221031326299 LHV: EE467700771002038082<\/p>\n","protected":false},"author":1,"featured_media":0,"parent":0,"menu_order":0,"comment_status":"closed","ping_status":"closed","template":"","meta":{"footnotes":""},"class_list":["post-9","page","type-page","status-publish","hentry"],"_links":{"self":[{"href":"http:\/\/tomsontransport.ee\/index.php\/wp-json\/wp\/v2\/pages\/9","targetHints":{"allow":["GET"]}}],"collection":[{"href":"http:\/\/tomsontransport.ee\/index.php\/wp-json\/wp\/v2\/pages"}],"about":[{"href":"http:\/\/tomsontransport.ee\/index.php\/wp-json\/wp\/v2\/types\/page"}],"author":[{"embeddable":true,"href":"http:\/\/tomsontransport.ee\/index.php\/wp-json\/wp\/v2\/users\/1"}],"replies":[{"embeddable":true,"href":"http:\/\/tomsontransport.ee\/index.php\/wp-json\/wp\/v2\/comments?post=9"}],"version-history":[{"count":5,"href":"http:\/\/tomsontransport.ee\/index.php\/wp-json\/wp\/v2\/pages\/9\/revisions"}],"predecessor-version":[{"id":62,"href":"http:\/\/tomsontransport.ee\/index.php\/wp-json\/wp\/v2\/pages\/9\/revisions\/62"}],"wp:attachment":[{"href":"http:\/\/tomsontransport.ee\/index.php\/wp-json\/wp\/v2\/media?parent=9"}],"curies":[{"name":"wp","href":"https:\/\/api.w.org\/{rel}","templated":true}]}}