{"id":2,"date":"2016-12-28T14:24:08","date_gmt":"2016-12-28T14:24:08","guid":{"rendered":"http:\/\/tomsontransport.ee\/?page_id=2"},"modified":"2025-11-06T17:34:44","modified_gmt":"2025-11-06T17:34:44","slug":"sample-page","status":"publish","type":"page","link":"http:\/\/tomsontransport.ee\/index.php\/sample-page\/","title":{"rendered":"Hinnakiri"},"content":{"rendered":"<p>Neljateljeline 8&#215;4 kallur ca 18 tonni &#8211; 45 Eurot tund + k\u00e4ibemaks<br \/>\nMultilift 8&#215;2 \u00a0kallurina ca 14 tonni- 45 Eurot tund + k\u00e4ibemaks<br \/>\nMultilift 8&#215;2 tehnika vedu t\u00f5stet\u00f6\u00f6d v\u00f5i muu transport 7m konteineriga \u00a0&#8211; 50 Eurot tund + k\u00e4ibemaks<\/p>\n<p>*Pikemal koost\u00f6\u00f6l hind kokkuleppel<br \/>\n*V\u00e4ljaspool Tallinna hinnad kokkuleppel.<br \/>\n*Minimaalne teenus 3 tundi.<\/p>\n","protected":false},"excerpt":{"rendered":"<p>Neljateljeline 8&#215;4 kallur ca 18 tonni &#8211; 45 Eurot tund + k\u00e4ibemaks Multilift 8&#215;2 \u00a0kallurina ca 14 tonni- 45 Eurot tund + k\u00e4ibemaks Multilift 8&#215;2 tehnika vedu t\u00f5stet\u00f6\u00f6d v\u00f5i muu transport 7m konteineriga \u00a0&#8211; 50 Eurot tund + k\u00e4ibemaks *Pikemal koost\u00f6\u00f6l hind kokkuleppel *V\u00e4ljaspool Tallinna hinnad kokkuleppel. *Minimaalne teenus 3 tundi.<\/p>\n","protected":false},"author":1,"featured_media":0,"parent":0,"menu_order":0,"comment_status":"closed","ping_status":"open","template":"","meta":{"footnotes":""},"class_list":["post-2","page","type-page","status-publish","hentry"],"_links":{"self":[{"href":"http:\/\/tomsontransport.ee\/index.php\/wp-json\/wp\/v2\/pages\/2","targetHints":{"allow":["GET"]}}],"collection":[{"href":"http:\/\/tomsontransport.ee\/index.php\/wp-json\/wp\/v2\/pages"}],"about":[{"href":"http:\/\/tomsontransport.ee\/index.php\/wp-json\/wp\/v2\/types\/page"}],"author":[{"embeddable":true,"href":"http:\/\/tomsontransport.ee\/index.php\/wp-json\/wp\/v2\/users\/1"}],"replies":[{"embeddable":true,"href":"http:\/\/tomsontransport.ee\/index.php\/wp-json\/wp\/v2\/comments?post=2"}],"version-history":[{"count":4,"href":"http:\/\/tomsontransport.ee\/index.php\/wp-json\/wp\/v2\/pages\/2\/revisions"}],"predecessor-version":[{"id":61,"href":"http:\/\/tomsontransport.ee\/index.php\/wp-json\/wp\/v2\/pages\/2\/revisions\/61"}],"wp:attachment":[{"href":"http:\/\/tomsontransport.ee\/index.php\/wp-json\/wp\/v2\/media?parent=2"}],"curies":[{"name":"wp","href":"https:\/\/api.w.org\/{rel}","templated":true}]}}